{"id":1484,"date":"2021-06-22T15:05:00","date_gmt":"2021-06-22T13:05:00","guid":{"rendered":"https:\/\/www.agilinfirmiers.com\/terms-of-use\/"},"modified":"2024-04-25T14:38:52","modified_gmt":"2024-04-25T12:38:52","slug":"terms-of-use","status":"publish","type":"page","link":"https:\/\/www.agilinfirmiers.com\/en\/terms-of-use\/","title":{"rendered":"Terms of use"},"content":{"rendered":"\n<h3 class=\"wp-block-heading\">Publisher<\/h3>\n\n<p>The website www.agilinfirmiers.com is published by <strong>A.G.I.L Infirmiers<\/strong>.<br\/>Liberal nurses practice company with limited liability with capital of 1000 euros.<br\/>Registered office: <strong>203 avenue Achille Peretti 92200 Neuilly-sur-Seine<\/strong><\/p>\n\n<p>Adresse de courrier \u00e9lectronique :\u00a0<a href=\"mailto:contact@agilinfirmiers.com\">contact@agilinfirmiers.com<\/a><\/p>\n\n<div style=\"height:20px\" aria-hidden=\"true\" class=\"wp-block-spacer\"><\/div>\n\n<p><strong>Director of publication:<\/strong><br\/>Pierre-Edouard Sergent as legal representative of the company <meta charset=\"utf-8\"\/><strong>A.G.I.L Infirmiers<\/strong><\/p>\n\n<div style=\"height:20px\" aria-hidden=\"true\" class=\"wp-block-spacer\"><\/div>\n\n<p><strong>\u200dWebsite host : <\/strong><br\/><strong>Scaleway<\/strong><br\/>Soci\u00e9t\u00e9 par Actions Simplifi\u00e9e au capital de 214 410,50 Euros<br\/>433 115 904 RCS Paris<br\/>Registered office: 8 rue de la Ville l\u2019Ev\u00eaque, 75008 Paris<\/p>\n\n<h3 class=\"wp-block-heading\">Abuse<\/h3>\n\n<p>To report a contentious content or if you are a victim of fraudulent use of the company A.G.I.L Infirmiers, please contact us at this address: <meta charset=\"utf-8\"\/><a href=\"mailto:contact@agilinfirmiers.com\">contact@agilinfirmiers.com<\/a><\/p>\n\n<h3 class=\"wp-block-heading\">Intellectual property<\/h3>\n\n<p>This website and all its contents (in particular data, information, photos, logos and trademarks) are the exclusive property of A.G.I.L Infirmiers or its partners. Any reproduction, representation, translation, adaptation or quotation, in whole or in part, whatever the process or medium, is strictly forbidden except in cases provided for by law or expressly authorized by the owner. Non-contractual photos.<\/p>\n\n<h3 class=\"wp-block-heading\" id=\"magicdomid20\">Personal data <\/h3>\n\n<p>You can visit our site on the Internet without having to declare your identity or provide any personal information about yourself. However, we may occasionally ask you for information about patient management, appointment changes\/cancellations, or job applications. <\/p>\n","protected":false},"excerpt":{"rendered":"<p>Publisher The website www.agilinfirmiers.com is published by A.G.I.L Infirmiers.Liberal nurses practice company with limited liability with capital of 1000 euros.Registered office: 203 avenue Achille Peretti 92200 Neuilly-sur-Seine Adresse de courrier \u00e9lectronique :\u00a0contact@agilinfirmiers.com Director of publication:Pierre-Edouard Sergent as legal representative of the company A.G.I.L Infirmiers \u200dWebsite host : ScalewaySoci\u00e9t\u00e9 par Actions Simplifi\u00e9e au capital de 214 [&hellip;]<\/p>\n","protected":false},"author":1,"featured_media":1349,"parent":0,"menu_order":0,"comment_status":"closed","ping_status":"closed","template":"template-page-fullwidth.php","meta":{"_acf_changed":false,"footnotes":""},"class_list":["post-1484","page","type-page","status-publish","has-post-thumbnail","hentry"],"acf":[],"_links":{"self":[{"href":"https:\/\/www.agilinfirmiers.com\/en\/wp-json\/wp\/v2\/pages\/1484","targetHints":{"allow":["GET"]}}],"collection":[{"href":"https:\/\/www.agilinfirmiers.com\/en\/wp-json\/wp\/v2\/pages"}],"about":[{"href":"https:\/\/www.agilinfirmiers.com\/en\/wp-json\/wp\/v2\/types\/page"}],"author":[{"embeddable":true,"href":"https:\/\/www.agilinfirmiers.com\/en\/wp-json\/wp\/v2\/users\/1"}],"replies":[{"embeddable":true,"href":"https:\/\/www.agilinfirmiers.com\/en\/wp-json\/wp\/v2\/comments?post=1484"}],"version-history":[{"count":1,"href":"https:\/\/www.agilinfirmiers.com\/en\/wp-json\/wp\/v2\/pages\/1484\/revisions"}],"predecessor-version":[{"id":1485,"href":"https:\/\/www.agilinfirmiers.com\/en\/wp-json\/wp\/v2\/pages\/1484\/revisions\/1485"}],"wp:featuredmedia":[{"embeddable":true,"href":"https:\/\/www.agilinfirmiers.com\/en\/wp-json\/wp\/v2\/media\/1349"}],"wp:attachment":[{"href":"https:\/\/www.agilinfirmiers.com\/en\/wp-json\/wp\/v2\/media?parent=1484"}],"curies":[{"name":"wp","href":"https:\/\/api.w.org\/{rel}","templated":true}]}}