{"id":1515,"date":"2021-05-05T21:18:09","date_gmt":"2021-05-05T19:18:09","guid":{"rendered":"https:\/\/www.agilinfirmiers.com\/f-a-q\/"},"modified":"2024-07-12T10:39:24","modified_gmt":"2024-07-12T08:39:24","slug":"f-a-q","status":"publish","type":"page","link":"https:\/\/www.agilinfirmiers.com\/es\/f-a-q\/","title":{"rendered":"F.A.Q"},"content":{"rendered":"\n<section id=\"section-2\" class=\"alt-rows alt-rows--grey-first faq\">\n\t<div id=\"alt-row-1\" class=\"bg-white spacing-huge line-top animate-line\">\n\t\t<div class=\"section section--medium grid grid--spaced grid--tb2-margin-top-large txt-styles spacing-small-left spacing-small-right\" style=\"flex-direction: column;\">\n\t\t\t<h2><strong>\u00bfC\u00f3mo puedo concertar una cita?<\/strong><\/h2>\n\t\t\t<p>&#8211; Para concertar una cita, haga clic en el siguiente enlace: <a href=\"https:\/\/www.agilinfirmiers.com\/es\/pedir-cita\/\"><strong>concertar cita<\/strong><\/a><\/p>\n\t\t\t<h2><strong>\u00bfQu\u00e9 documentos necesito?<\/strong><\/h2>\n\t\t\t<p>&#8211; Por favor, traiga su <strong>tarjeta de seguro m\u00e9dico<\/strong> y su <strong>receta<\/strong> a la cita.<br\/>Si no tiene tarjeta sanitaria, la enfermera le entregar\u00e1 una hoja de cuidados.<br\/>Se le reembolsar\u00e1 enviando el formulario de tratamiento junto con la receta a su caja de enfermedad.<br\/>\n Dependiendo de las circunstancias, pueden cobrarse tasas adicionales. En todos los casos, su enfermera le informar\u00e1 previamente.<\/p>\n\t\t\t<h2><strong>\u00bfCu\u00e1nto tiempo tengo que esperar a mi enfermera?<\/strong><\/h2>\n\t\t\t<p>&#8211; Una vez confirmada la cita con su enfermera, se le asignar\u00e1 un turno de 2 a 4 horas en la fecha indicada.<br\/> Esta franja horaria se fija en funci\u00f3n de las limitaciones meteorol\u00f3gicas y de tr\u00e1fico y del horario de su enfermera.<\/p>\n\t\t\t<h2><strong>\u00bfTengo que llevar mi propio equipo para los tratamientos?<\/strong><\/h2>\n\t\t\t<p>&#8211; S\u00ed, es imprescindible llevar el <strong>equipo m\u00e9dico<\/strong> que le hayan prescrito en la consulta.<\/p>\n\t\t\t<h2><strong>No encuentro el tratamiento que necesito en la lista. \u00bfQu\u00e9 debo hacer?<\/strong><\/h2>\n\t\t\t<p>&#8211; No se preocupe. \u00a1P\u00f3ngase en contacto con nosotros! \ud83d\ude0a<\/p>\n\t\t<\/div>\n\t<\/div>\n<\/section>\n","protected":false},"excerpt":{"rendered":"<p>\u00bfC\u00f3mo puedo concertar una cita? &#8211; Para concertar una cita, haga clic en el siguiente enlace: concertar cita \u00bfQu\u00e9 documentos necesito? &#8211; Por favor, traiga su tarjeta de seguro m\u00e9dico y su receta a la cita.Si no tiene tarjeta sanitaria, la enfermera le entregar\u00e1 una hoja de cuidados.Se le reembolsar\u00e1 enviando el formulario de tratamiento [&hellip;]<\/p>\n","protected":false},"author":1,"featured_media":1434,"parent":0,"menu_order":0,"comment_status":"closed","ping_status":"closed","template":"","meta":{"_acf_changed":false,"footnotes":""},"class_list":["post-1515","page","type-page","status-publish","has-post-thumbnail","hentry"],"acf":[],"_links":{"self":[{"href":"https:\/\/www.agilinfirmiers.com\/es\/wp-json\/wp\/v2\/pages\/1515","targetHints":{"allow":["GET"]}}],"collection":[{"href":"https:\/\/www.agilinfirmiers.com\/es\/wp-json\/wp\/v2\/pages"}],"about":[{"href":"https:\/\/www.agilinfirmiers.com\/es\/wp-json\/wp\/v2\/types\/page"}],"author":[{"embeddable":true,"href":"https:\/\/www.agilinfirmiers.com\/es\/wp-json\/wp\/v2\/users\/1"}],"replies":[{"embeddable":true,"href":"https:\/\/www.agilinfirmiers.com\/es\/wp-json\/wp\/v2\/comments?post=1515"}],"version-history":[{"count":8,"href":"https:\/\/www.agilinfirmiers.com\/es\/wp-json\/wp\/v2\/pages\/1515\/revisions"}],"predecessor-version":[{"id":1646,"href":"https:\/\/www.agilinfirmiers.com\/es\/wp-json\/wp\/v2\/pages\/1515\/revisions\/1646"}],"wp:featuredmedia":[{"embeddable":true,"href":"https:\/\/www.agilinfirmiers.com\/es\/wp-json\/wp\/v2\/media\/1434"}],"wp:attachment":[{"href":"https:\/\/www.agilinfirmiers.com\/es\/wp-json\/wp\/v2\/media?parent=1515"}],"curies":[{"name":"wp","href":"https:\/\/api.w.org\/{rel}","templated":true}]}}