{"id":1519,"date":"2021-05-05T21:17:03","date_gmt":"2021-05-05T19:17:03","guid":{"rendered":"https:\/\/www.agilinfirmiers.com\/nuestras-oficinas\/"},"modified":"2024-07-12T10:27:22","modified_gmt":"2024-07-12T08:27:22","slug":"nuestros-consultorios","status":"publish","type":"page","link":"https:\/\/www.agilinfirmiers.com\/es\/nuestros-consultorios\/","title":{"rendered":"Nuestros consultorios"},"content":{"rendered":"<section class=\"site-banner site-banner--img site-banner--bg-grey\">\n\t<div class=\"site-banner__inner\">\n\t\t<div class=\"site-banner__section site-banner__section--left\">\n\t\t\t<div class=\"site-banner__content\">\n\t\t\t\t\t\t\t\t\t<h1 class=\"site-banner__title\">Nuestros consultorios<\/h1>\n\t\t\t\t\t<h2 class=\"site-banner__subtitle\"><a href=\"https:\/\/www.agilinfirmiers.com\/es\/nuestras-oficinas\/#carte\">203 AVENUE ACHILLE PERRETTI <br>92200 NEUILLY-SUR-SEINE<\/a> <br><br>T\u00e9l : <a href=\"tel:0760742100\">+33 7 60 74 21 00<\/a><\/h2>\n\t\t\t\t\t\t\t<\/div>\n\t\t<\/div>\n\t\t<div class=\"site-banner__section site-banner__section--right\">\n\t\t\t\t\t\t\t<div class=\"site-banner__img animate-img\"><img decoding=\"async\" src=\"https:\/\/www.agilinfirmiers.com\/wp-content\/uploads\/2022\/06\/dsc04520-2.jpg\" \/><\/div>\n\t\t\t\t\t<\/div>\n\t<\/div>\n<\/section>\n\n<style type=\"text\/css\">\n\n<\/style><section id=\"section-1\" class=\"alt-rows alt-rows--white-first\">\n\t<div id=\"alt-row-1\" class=\"alt-rows__item bg-white spacing-huge line-top animate-line\">\n\t\t<div class=\"section section--medium grid grid--spaced grid--tb2-margin-top-large\">\n\t\t\t<div class=\"alt-rows__section alt-rows__section--left grid__col grid__col--6 grid__col--tb2-12\">\n\t\t\t\t<div class=\"alt-rows__img-wrapper\">\n\t\t\t\t\t\t\t\t\t\t\t<div class=\"alt-rows__img alt-rows__img--large\"> <img decoding=\"async\" class=\"img-full\" src=\"https:\/\/www.agilinfirmiers.com\/wp-content\/uploads\/2023\/03\/dsc04511-1.jpg\" alt=\"\"> <\/div>\n\t\t\t\t\t\t\t\t\t<\/div>\n\t\t\t<\/div>\n\t\t\t<div class=\"alt-rows__section alt-rows__section--right grid__col grid__col--6 grid__col--tb2-12 txt-styles spacing-small-left spacing-small-right\">\n\t\t\t\t<div class=\"alt-rows__content\">\n\t\t\t\t\t<h2 class=\"section-title left-align exodus\">Localicenos<\/h2>\n\t\t\t\t\t<p>Le damos la bienvenida con <strong><a href=\"https:\/\/www.agilinfirmiers.com\/es\/pedir-cita\/\">cita previa<\/a><\/strong> de lunes a domingo en nuestra consulta totalmente renovada en <a href=\"#carte\"><strong>203 Avenue Achille Perretti<\/strong><\/a> en el coraz\u00f3n de Neuilly-sur-Seine (92).<\/p>\n<p>De f\u00e1cil y c\u00f3modo acceso, encontrar\u00e1 toda la comodidad y discreci\u00f3n que necesita para sus tratamientos.<\/p>\n<p><a class=\"btn\" href=\"https:\/\/www.agilinfirmiers.com\/es\/nuestros-tratamientos\/\">Nuestros tratamientos<\/a><\/p>\n\t\t\t\t<\/div>\n\t\t\t<\/div>\n\t\t<\/div>\n\t<\/div>\n<\/section>\n\n<section id=\"section-2\" class=\"bg-grey tryptique spacing-huge line-top animate-line\">\n\t<div class=\"img-links section section--large\">\n\t\t<div class=\"img-links__items grid grid--spaced grid--spaced-4 photos-cabinet\">\n\t\t\t\t\t\t\t<div class=\"img-links__item animate-img animate-img--delay grid__col grid__col--4 grid__col--tb2-12\">\n\t\t\t\t\t<div class=\"img-links__img\">\n\t\t\t\t\t\t<picture>\n\t\t\t\t\t\t\t<img decoding=\"async\" src=\"https:\/\/www.agilinfirmiers.com\/wp-content\/uploads\/2022\/03\/cabinet-agil-infirmiers-neuilly-sur-seine-12-scaled.jpg\" \/>\n\t\t\t\t\t\t<\/picture>\n\t\t\t\t\t<\/div>\n\t\t\t\t<\/div>\n\t\t\t\t\t\t\t<div class=\"img-links__item animate-img animate-img--delay grid__col grid__col--4 grid__col--tb2-12\">\n\t\t\t\t\t<div class=\"img-links__img\">\n\t\t\t\t\t\t<picture>\n\t\t\t\t\t\t\t<img decoding=\"async\" src=\"https:\/\/www.agilinfirmiers.com\/wp-content\/uploads\/2021\/12\/cabinet-agil-infirmiers-neuilly-sur-seine-06.jpg\" \/>\n\t\t\t\t\t\t<\/picture>\n\t\t\t\t\t<\/div>\n\t\t\t\t<\/div>\n\t\t\t\t\t\t\t<div class=\"img-links__item animate-img animate-img--delay grid__col grid__col--4 grid__col--tb2-12\">\n\t\t\t\t\t<div class=\"img-links__img\">\n\t\t\t\t\t\t<picture>\n\t\t\t\t\t\t\t<img decoding=\"async\" src=\"https:\/\/www.agilinfirmiers.com\/wp-content\/uploads\/2022\/06\/dsc04567-2.jpg\" \/>\n\t\t\t\t\t\t<\/picture>\n\t\t\t\t\t<\/div>\n\t\t\t\t<\/div>\n\t\t\t\t\t<\/div>\n\t<\/div>\n<\/section>\n\n<section id=\"section-3\" class=\"img-txt-rows bg-dark-grey txt-light line-top animate-line\">\n\t<script src=\"https:\/\/maps.googleapis.com\/maps\/api\/js?key=AIzaSyB7t9YJ-eTzCnF_CN5emNj8GyhUAm0l0bg&amp;callback=initMap&amp;libraries=&amp;v=weekly&#038;loading=async\" async=\"\"><\/script>\n\t<script type=\"text\/javascript\">\n\tfunction initMap() {\n\t\t  const myLatLng = { lat: 48.885969, lng: 2.262489 };\n\t\t  const center = { lat: 48.88962, lng: 2.27549 };\n\t\t  const map = new google.maps.Map(document.getElementById(\"map\"), {\n\t\t\tzoom: 13.5,\n\t\t\tcenter: center,\n\t\t\t  styles:[{\"featureType\": \"administrative.province\",\"elementType\": \"all\",\"stylers\": [{\"visibility\": \"off\"}]},{\"featureType\": \"administrative.locality\",\"elementType\": \"labels\",\"stylers\": [{\"lightness\": \"-8\"}]},{\"featureType\": \"administrative.locality\",\"elementType\": \"labels.text.fill\",\"stylers\": [{\"color\": \"#000000\"}]},{\"featureType\": \"administrative.locality\",\"elementType\": \"labels.text.stroke\",\"stylers\": [{\"visibility\": \"off\"}]},{\"featureType\": \"administrative.neighborhood\",\"elementType\": \"all\",\"stylers\": [{\"color\": \"#acacac\"}]},{\"featureType\": \"administrative.neighborhood\",\"elementType\": \"labels.text.fill\",\"stylers\": [{\"color\": \"#484848\"}]},{\"featureType\": \"administrative.neighborhood\",\"elementType\": \"labels.text.stroke\",\"stylers\": [{\"color\": \"#ff0000\"},{\"visibility\": \"off\"}]},{\"featureType\": \"administrative.land_parcel\",\"elementType\": \"all\",\"stylers\": [{\"lightness\": \"-3\"}]},{\"featureType\": \"landscape\",\"elementType\": \"all\",\"stylers\": [{\"saturation\": -100},{\"lightness\": \"72\"},{\"visibility\": \"on\"}]},{\"featureType\": \"landscape\",\"elementType\": \"labels\",\"stylers\": [{\"lightness\": \"23\"}]},{\"featureType\": \"poi\",\"elementType\": \"all\",\"stylers\": [{\"saturation\": -100},{\"lightness\": \"30\"},{\"visibility\": \"off\"}]},{\"featureType\": \"road\",\"elementType\": \"all\",\"stylers\": [{\"lightness\": \"-19\"}]},{\"featureType\": \"road\",\"elementType\": \"geometry\",\"stylers\": [{\"lightness\": \"2\"},{\"gamma\": \"1.21\"}]},{\"featureType\": \"road\",\"elementType\": \"geometry.stroke\",\"stylers\": [{\"visibility\": \"off\"},{\"saturation\": \"15\"},{\"hue\": \"#ff0000\"}]},{\"featureType\": \"road\",\"elementType\": \"labels\",\"stylers\": [{\"lightness\": \"-43\"}]},{\"featureType\": \"road\",\"elementType\": \"labels.text\",\"stylers\": [{\"visibility\": \"on\"},{\"lightness\": \"22\"}]},{\"featureType\": \"road\",\"elementType\": \"labels.text.fill\",\"stylers\": [{\"weight\": \"0.12\"},{\"lightness\": \"-23\"},{\"visibility\": \"on\"}]},{\"featureType\": \"road\",\"elementType\": \"labels.text.stroke\",\"stylers\": [{\"visibility\": \"off\"},{\"lightness\": \"71\"}]},{\"featureType\": \"road\",\"elementType\": \"labels.icon\",\"stylers\": [{\"visibility\": \"on\"}]},{\"featureType\": \"road.highway\",\"elementType\": \"all\",\"stylers\": [{\"saturation\": -100},{\"visibility\": \"simplified\"}]},{\"featureType\": \"road.arterial\",\"elementType\": \"all\",\"stylers\": [{\"saturation\": -100},{\"lightness\": 30},{\"visibility\": \"on\"}]},{\"featureType\": \"road.local\",\"elementType\": \"all\",\"stylers\": [{\"saturation\": -100},{\"lightness\": 40},{\"visibility\": \"on\"}]},{\"featureType\": \"transit\",\"elementType\": \"all\",\"stylers\": [{\"saturation\": -100},{\"visibility\": \"simplified\"}]},{\"featureType\": \"transit\",\"elementType\": \"geometry.fill\",\"stylers\": [{\"saturation\": \"5\"},{\"visibility\": \"on\"},{\"lightness\": \"5\"}]},{\"featureType\": \"water\",\"elementType\": \"geometry\",\"stylers\": [{\"hue\": \"#ffff00\"},{\"lightness\": \"-5\"},{\"saturation\": -20}]},{\"featureType\": \"water\",\"elementType\": \"geometry.fill\",\"stylers\": [{\"saturation\": \"-88\"},{\"lightness\": \"-23\"},{\"visibility\": \"on\"}]},{\"featureType\": \"water\",\"elementType\": \"labels\",\"stylers\": [{\"visibility\": \"on\"},{\"lightness\": -25},{\"saturation\": -100}]},{\"featureType\": \"water\",\"elementType\": \"labels.text\",\"stylers\": [{\"weight\": \"0.01\"},{\"lightness\": \"9\"}]},{\"featureType\": \"water\",\"elementType\": \"labels.text.fill\",\"stylers\": [{\"lightness\": \"-32\"},{\"gamma\": \"2.99\"}]}],\n\t\t  });\n\t\t  var iconBase = 'https:\/\/www.agilinfirmiers.com\/img\/';\n\t\t  new google.maps.Marker({\n\t\t\tposition: myLatLng,\n\t\t\tmap,\n\t\t\ticon: iconBase + 'agil_icon_green_smoke.svg',\n\t\t\ttitle: \"A.G.I.L - Cabinet d'infirmiers\",\n\t\t  });\n\n\t\t\t\/\/ Define the LatLng coordinates for the polygon's path.\n\t\t\tconst agil_area_Coords = [\n\t\t\t\t{ lat: 48.876559411335805, lng: 2.2458109388392566 },\n\t\t\t\t{ lat: 48.87413300764597, lng: 2.2551648006034664 },\n\t\t\t\t{ lat: 48.880369533575646, lng: 2.2583829397022006 },\n\t\t\t\t{ lat: 48.87802530413117, lng: 2.2775631441943984 },\n\t\t\t\t{ lat: 48.87858920663465, lng: 2.2800092663705094 },\n\t\t\t\t{ lat: 48.88290664703158, lng: 2.2808695342959595 },\n\t\t\t\t{ lat: 48.88944780591378, lng: 2.2914947741166145 },\n\t\t\t\t{ lat: 48.88981412898401, lng: 2.2950994647926524 },\n\t\t\t\t{ lat: 48.89410122278946, lng: 2.303684090582718 },\n\t\t\t\t{ lat: 48.903470852557774, lng: 2.2877640732610978 },\n\t\t\t\t{ lat: 48.90053684845681, lng: 2.280338255481733 },\n\t\t\t\t{ lat: 48.89588986698601, lng: 2.265337257447178 },\n\t\t\t\t{ lat: 48.893068134979785, lng: 2.2614308746608933 },\n\t\t\t\t{ lat: 48.885392535071304, lng: 2.252804239055486 },\n\t\t\t\t{ lat: 48.884828189160295, lng: 2.254477931012245 },\n\t\t\t\t{ lat: 48.876559411335805, lng: 2.2458109388392566 },\n\t\t\t];\n\t\t\t\/\/ Construct the polygon.\n\t\t\tconst agil_area = new google.maps.Polygon({\n\t\t\t\tpaths: agil_area_Coords,\n\t\t\t\tstrokeColor: \"#515c55\",\n\t\t\t\tstrokeOpacity: 0.8,\n\t\t\t\tstrokeWeight: 2,\n\t\t\t\tfillColor: \"#506466\",\n\t\t\t\tfillOpacity: 0.35,\n\t\t\t});\n\t\t\tagil_area.setMap(map);\n\t\t}\n\t<\/script>\n\t<div id=\"carte\">\n\t\t<div id=\"map\"><\/div>\n\t\t<div class=\"map_area\">\u00c1rea de pr\u00e1ctica de AGIL Infirmiers<\/div>\n\t\t<div class=\"map_address\">203 Avenue Achille Peretti 92200 Neuilly-sur-Seine<\/div>\n\t<\/div>\n<\/section>\n\n<section id=\"section-4\" class=\"img-txt-rows bg-white spacing-huge line-top animate-line\">\n\t<h2 class=\"section-title\">COMO FUNCIONA<\/h2>\n\t<div class=\"section section--medium grid grid--spaced grid--tb2-margin-top-large\">\n\t\t<div class=\"alt-rows__section alt-rows__section--left txt-styles grid__col grid__col--12 grid__col--tb2-12\">\n\t\t\t<div class=\"alt-rows__content small-text\">\n\t\t\t\t<p>Realizamos todos los tratamientos que figuran en el apartado <a href=\"https:\/\/www.agilinfirmiers.com\/es\/nuestros-tratamientos\/\"><strong>NUESTRA TRATAMIENTOS<\/strong><\/a>, as\u00ed como cualquier otro relacionado con el ejercicio de nuestra profesi\u00f3n que haya sido prescrito por un m\u00e9dico.<\/p>\n<p>No olvide llevar a la cita la <strong>tarjeta del seguro m\u00e9dico<\/strong> y la <strong>receta<\/strong>, as\u00ed como <strong>el equipo m\u00e9dico prescrito<\/strong>.<\/p>\n<p>Nuestras enfermeras est\u00e1n <strong>afiliadas<\/strong> al seguro de enfermedad franc\u00e9s y todas disponen de un lector port\u00e1til de la carte vitale.<\/p>\n<p>Ofrecemos <strong>pagos de terceros<\/strong> por cuenta ajena de los tratamientos no cubiertos al <strong>100 % por los reg\u00edmenes ALD<\/strong> (enfermedad de larga duraci\u00f3n), <strong>CMU<\/strong> (cobertura sanitaria universal francesa), <strong>AME<\/strong> (ayuda m\u00e9dica del Estado franc\u00e9s), <strong>AT<\/strong> (accidente de trabajo), <strong>enfermedad profesional<\/strong> y <strong>maternidad<\/strong>.<\/p>\n<p>Nuestras enfermeras pueden pedirle que abone el importe correspondiente a la <strong>parte complementaria<\/strong> una vez cada 15 d\u00edas, a final de mes o al final de su tratamiento.<br \/>\nLe facilitar\u00e1n el justificante de pago y su <strong>mutua<\/strong> le reembolsar\u00e1 el pago directo en unos d\u00edas.<\/p>\n<p>Si no tiene una \u00abcarte vitale\u00bb francesa, tendr\u00e1 que mostrar a su enfermera un certificado de derecho a la tarjeta de seguridad sanitaria europea (TSE).<\/p>\n<p>En algunos casos, el facultativo elaborar\u00e1 una <strong>ficha de tratamiento<\/strong> para usted, que podr\u00e1 enviar a su <strong>caja de enfermedad<\/strong> junto con la receta para que se la reembolsen.<\/p>\n<p>Dependiendo de las circunstancias, pueden cobrarse tasas adicionales. Su enfermera le informar\u00e1 de ello de antemano.<\/p>\n<p>Si es necesario, su enfermera puede prescribirle cualquier dispositivo m\u00e9dico adicional que pueda necesitar (ap\u00f3sitos especiales, compresas, etc.).<\/p>\n\t\t\t<\/div>\n\t\t<\/div>\n\t<\/div>\n<\/section>\n<style type=\"text\/css\">\n\t#section-4 .alt-rows__content.small-text{\n\t\tcolumns: 2;\n\t\tcolumn-gap: 100px;\n\t\ttext-align: justify;\n\t}\n\t@media screen and (max-width: 670px) {\n\t\t#section-4 .alt-rows__content.small-text{\n\t\t\tcolumns: 1;\n\t\t}\n\t}\n<\/style>\n","protected":false},"excerpt":{"rendered":"","protected":false},"author":1,"featured_media":0,"parent":0,"menu_order":0,"comment_status":"closed","ping_status":"closed","template":"","meta":{"_acf_changed":false,"footnotes":""},"class_list":["post-1519","page","type-page","status-publish","hentry"],"acf":[],"_links":{"self":[{"href":"https:\/\/www.agilinfirmiers.com\/es\/wp-json\/wp\/v2\/pages\/1519","targetHints":{"allow":["GET"]}}],"collection":[{"href":"https:\/\/www.agilinfirmiers.com\/es\/wp-json\/wp\/v2\/pages"}],"about":[{"href":"https:\/\/www.agilinfirmiers.com\/es\/wp-json\/wp\/v2\/types\/page"}],"author":[{"embeddable":true,"href":"https:\/\/www.agilinfirmiers.com\/es\/wp-json\/wp\/v2\/users\/1"}],"replies":[{"embeddable":true,"href":"https:\/\/www.agilinfirmiers.com\/es\/wp-json\/wp\/v2\/comments?post=1519"}],"version-history":[{"count":7,"href":"https:\/\/www.agilinfirmiers.com\/es\/wp-json\/wp\/v2\/pages\/1519\/revisions"}],"predecessor-version":[{"id":1639,"href":"https:\/\/www.agilinfirmiers.com\/es\/wp-json\/wp\/v2\/pages\/1519\/revisions\/1639"}],"wp:attachment":[{"href":"https:\/\/www.agilinfirmiers.com\/es\/wp-json\/wp\/v2\/media?parent=1519"}],"curies":[{"name":"wp","href":"https:\/\/api.w.org\/{rel}","templated":true}]}}