{"id":1523,"date":"2021-06-22T15:05:00","date_gmt":"2021-06-22T13:05:00","guid":{"rendered":"https:\/\/www.agilinfirmiers.com\/informacion-legal\/"},"modified":"2024-04-25T17:46:08","modified_gmt":"2024-04-25T15:46:08","slug":"informacion-legal","status":"publish","type":"page","link":"https:\/\/www.agilinfirmiers.com\/es\/informacion-legal\/","title":{"rendered":"Informaci\u00f3n legal"},"content":{"rendered":"\n<h3 class=\"wp-block-heading\">Editorial<\/h3>\n\n<p>El sitio web www.agilinfirmiers.com est\u00e1 publicado por la empresa <strong>A.G.I.L Infirmiers<\/strong><br\/>Sociedad de responsabilidad limitada de enfermer\u00eda con un capital de 1000 euros.<br\/>Domicilio social: <strong>203 avenue Achille Peretti 92200 Neuilly-sur-Seine<\/strong><\/p>\n\n<p>Direcci\u00f3n de correo electr\u00f3nico : <a href=\"mailto:contact@agilinfirmiers.com\">contact@agilinfirmiers.com<\/a><\/p>\n\n<div style=\"height:20px\" aria-hidden=\"true\" class=\"wp-block-spacer\"><\/div>\n\n<p><strong>Director de publicaci\u00f3n :<\/strong><br\/>Pierre-Edouard Sergent como representante legal de la empresa <meta charset=\"utf-8\"\/><strong>A.G.I.L Infirmiers<\/strong><\/p>\n\n<div style=\"height:20px\" aria-hidden=\"true\" class=\"wp-block-spacer\"><\/div>\n\n<p><strong>\u200dHost del sitio web: <\/strong><br\/><strong>Scaleway<\/strong><br\/>Soci\u00e9t\u00e9 par Actions Simplifi\u00e9e au capital de 214 410,50 Euros<br\/>433 115 904 RCS Paris<br\/>Si\u00e8ge social : 8 rue de la Ville l\u2019Ev\u00eaque, 75008 Paris<\/p>\n\n<h3 class=\"wp-block-heading\">Abuse<\/h3>\n\n<p>Para denunciar un contenido controvertido o si es v\u00edctima de un uso fraudulento de la empresa A.G.I.L Infirmiers, p\u00f3ngase en contacto con nosotros en esta direcci\u00f3n: <meta charset=\"utf-8\"\/><a href=\"mailto:contact@agilinfirmiers.com\">contact@agilinfirmiers.com<\/a><\/p>\n\n<h3 class=\"wp-block-heading\">Propiedad intelectual<\/h3>\n\n<p>Este sitio web y todo su contenido (en particular, datos, informaci\u00f3n, fotos, logotipos y marcas) son propiedad exclusiva de A.G.I.L Infirmiers o de sus socios. Toda reproducci\u00f3n, representaci\u00f3n, traducci\u00f3n, adaptaci\u00f3n o cita, total o parcial, por cualquier procedimiento o en cualquier soporte, est\u00e1 estrictamente prohibida, salvo en los casos previstos por la ley o expresamente autorizados por el propietario. Fotos no contractuales.<\/p>\n\n<h3 class=\"wp-block-heading\" id=\"magicdomid20\">Datos personales <\/h3>\n\n<p>Puede visitar nuestro sitio en Internet sin tener que identificarse ni facilitar ninguna informaci\u00f3n personal sobre usted. Sin embargo, a veces podemos pedirle informaci\u00f3n sobre la gesti\u00f3n de pacientes, cambios\/cancelaciones de citas o solicitudes de empleo. <\/p>\n","protected":false},"excerpt":{"rendered":"<p>Editorial El sitio web www.agilinfirmiers.com est\u00e1 publicado por la empresa A.G.I.L InfirmiersSociedad de responsabilidad limitada de enfermer\u00eda con un capital de 1000 euros.Domicilio social: 203 avenue Achille Peretti 92200 Neuilly-sur-Seine Direcci\u00f3n de correo electr\u00f3nico : contact@agilinfirmiers.com Director de publicaci\u00f3n :Pierre-Edouard Sergent como representante legal de la empresa A.G.I.L Infirmiers \u200dHost del sitio web: ScalewaySoci\u00e9t\u00e9 par [&hellip;]<\/p>\n","protected":false},"author":1,"featured_media":1350,"parent":0,"menu_order":0,"comment_status":"closed","ping_status":"closed","template":"template-page-fullwidth.php","meta":{"_acf_changed":false,"footnotes":""},"class_list":["post-1523","page","type-page","status-publish","has-post-thumbnail","hentry"],"acf":[],"_links":{"self":[{"href":"https:\/\/www.agilinfirmiers.com\/es\/wp-json\/wp\/v2\/pages\/1523","targetHints":{"allow":["GET"]}}],"collection":[{"href":"https:\/\/www.agilinfirmiers.com\/es\/wp-json\/wp\/v2\/pages"}],"about":[{"href":"https:\/\/www.agilinfirmiers.com\/es\/wp-json\/wp\/v2\/types\/page"}],"author":[{"embeddable":true,"href":"https:\/\/www.agilinfirmiers.com\/es\/wp-json\/wp\/v2\/users\/1"}],"replies":[{"embeddable":true,"href":"https:\/\/www.agilinfirmiers.com\/es\/wp-json\/wp\/v2\/comments?post=1523"}],"version-history":[{"count":3,"href":"https:\/\/www.agilinfirmiers.com\/es\/wp-json\/wp\/v2\/pages\/1523\/revisions"}],"predecessor-version":[{"id":1526,"href":"https:\/\/www.agilinfirmiers.com\/es\/wp-json\/wp\/v2\/pages\/1523\/revisions\/1526"}],"wp:featuredmedia":[{"embeddable":true,"href":"https:\/\/www.agilinfirmiers.com\/es\/wp-json\/wp\/v2\/media\/1350"}],"wp:attachment":[{"href":"https:\/\/www.agilinfirmiers.com\/es\/wp-json\/wp\/v2\/media?parent=1523"}],"curies":[{"name":"wp","href":"https:\/\/api.w.org\/{rel}","templated":true}]}}