{"id":1527,"date":"2021-05-05T21:16:38","date_gmt":"2021-05-05T19:16:38","guid":{"rendered":"https:\/\/www.agilinfirmiers.com\/nuestros-tratamientos\/"},"modified":"2024-07-15T09:24:11","modified_gmt":"2024-07-15T07:24:11","slug":"nuestros-tratamientos","status":"publish","type":"page","link":"https:\/\/www.agilinfirmiers.com\/es\/nuestros-tratamientos\/","title":{"rendered":"Nuestros tratamientos"},"content":{"rendered":"\n<section id=\"section-1\" class=\"soins spacing-large bg-white line-top animate-line\">\n\t<div class=\"section section--medium grid grid--spaced grid--tb2-margin-top-large\">\n\t\t<div class=\"intro\"><p>A.G.I.L Infirmiers proporciona todo tipo de cuidados de enfermer\u00eda en su domicilio o en el consultorio, de lunes a domingo, a cualquier hora del d\u00eda con cita previa.<\/p><\/div>\n\t\t<h2 class=\"soins-title nursing\">Cuidados de enfermer\u00eda<\/h2>\n\t\t<div class=\"section section--tiny\">\n\t\t\t<div class=\"txt-styles\">\n\t\t\t\t<div class=\"grid grid--spaced\">\n\t\t\t\t\t<div class=\"grid__col grid__col--6\">\n\t\t\t\t\t\t<div class=\"icon-content\"><span class=\"icon-content__icon icon-content__icon--primary icon-content__icon--check\"><svg xmlns=\"http:\/\/www.w3.org\/2000\/svg\" viewbox=\"0 0 15.48 13.12\"><path d=\"M5.78 13.12L0 7.34l1.41-1.41 4.22 4.21L13.93 0l1.55 1.27-9.7 11.85z\" class=\"f10d46a1-5df6-40bf-8547-f79466edf340\"><\/path><\/svg><\/span>\n\t\t\t\t\t\t\t<p class=\"icon-content__txt\">Ayuda para el aseo<\/p>\n\t\t\t\t\t\t<\/div>\n\t\t\t\t\t\t<div class=\"icon-content\"><span class=\"icon-content__icon icon-content__icon--primary icon-content__icon--check\"><svg xmlns=\"http:\/\/www.w3.org\/2000\/svg\" viewbox=\"0 0 15.48 13.12\"><path d=\"M5.78 13.12L0 7.34l1.41-1.41 4.22 4.21L13.93 0l1.55 1.27-9.7 11.85z\" class=\"f10d46a1-5df6-40bf-8547-f79466edf340\"><\/path><\/svg><\/span>\n\t\t\t\t\t\t\t<p class=\"icon-content__txt\">Ducha<\/p>\n\t\t\t\t\t\t<\/div>\n\t\t\t\t\t<\/div>\n\t\t\t\t\t<div class=\"grid__col grid__col--6\">\n\t\t\t\t\t\t<div class=\"icon-content\"><span class=\"icon-content__icon icon-content__icon--primary icon-content__icon--check\"><svg xmlns=\"http:\/\/www.w3.org\/2000\/svg\" viewbox=\"0 0 15.48 13.12\"><path d=\"M5.78 13.12L0 7.34l1.41-1.41 4.22 4.21L13.93 0l1.55 1.27-9.7 11.85z\" class=\"f10d46a1-5df6-40bf-8547-f79466edf340\"><\/path><\/svg><\/span>\n\t\t\t\t\t\t\t<p class=\"icon-content__txt\">Higiene en la cama<\/p>\n\t\t\t\t\t\t<\/div>\n\t\t\t\t\t<\/div>\n\t\t\t\t<\/div>\n\t\t\t<\/div>\n\t\t<\/div>\n\t<\/div>\n<\/section>\n\n<section id=\"section-2\" class=\"alt-rows alt-rows--grey-first\">\n\t<div id=\"alt-row-2\" class=\"soins bg-grey spacing-huge line-top animate-line\">\n\t\t<div class=\"section section--medium grid grid--spaced grid--tb2-margin-top-large\">\n\t\t\t<h2 class=\"soins-title injections\">Inyecciones y extracciones<\/h2>\n\t\t\t<div class=\"section section--tiny\">\n\t\t\t\t<div class=\"txt-styles\">\n\t\t\t\t\t<div class=\"grid grid--spaced\">\n\t\t\t\t\t\t<div class=\"grid__col grid__col--6\">\n\t\t\t\t\t\t\t<div class=\"icon-content\"><span class=\"icon-content__icon icon-content__icon--secondary icon-content__icon--check\"><svg xmlns=\"http:\/\/www.w3.org\/2000\/svg\" viewbox=\"0 0 15.48 13.12\"><path d=\"M5.78 13.12L0 7.34l1.41-1.41 4.22 4.21L13.93 0l1.55 1.27-9.7 11.85z\" class=\"f10d46a1-5df6-40bf-8547-f79466edf340\"><\/path><\/svg><\/span>\n\t\t\t\t\t\t\t\t<p class=\"icon-content__txt\">An\u00e1lisis de sangre<\/p>\n\t\t\t\t\t\t\t<\/div>\n\t\t\t\t\t\t\t<div class=\"icon-content\"><span class=\"icon-content__icon icon-content__icon--secondary icon-content__icon--check\"><svg xmlns=\"http:\/\/www.w3.org\/2000\/svg\" viewbox=\"0 0 15.48 13.12\"><path d=\"M5.78 13.12L0 7.34l1.41-1.41 4.22 4.21L13.93 0l1.55 1.27-9.7 11.85z\" class=\"f10d46a1-5df6-40bf-8547-f79466edf340\"><\/path><\/svg><\/span>\n\t\t\t\t\t\t\t\t<p class=\"icon-content__txt\">Sangrado<\/p>\n\t\t\t\t\t\t\t<\/div>\n\t\t\t\t\t\t\t<div class=\"icon-content\"><span class=\"icon-content__icon icon-content__icon--secondary icon-content__icon--check\"><svg xmlns=\"http:\/\/www.w3.org\/2000\/svg\" viewbox=\"0 0 15.48 13.12\"><path d=\"M5.78 13.12L0 7.34l1.41-1.41 4.22 4.21L13.93 0l1.55 1.27-9.7 11.85z\" class=\"f10d46a1-5df6-40bf-8547-f79466edf340\"><\/path><\/svg><\/span>\n\t\t\t\t\t\t\t<p class=\"icon-content__txt\">Inyecci\u00f3n subcut\u00e1nea, intramuscular, intravenosa<\/p>\n\t\t\t\t\t\t<\/div>\n\n\t\t\t\t\t\t<\/div>\n\t\t\t\t\t\t<div class=\"grid__col grid__col--6\">\n\n\n\t\t\t\t\t\t\t<div class=\"icon-content\"><span class=\"icon-content__icon icon-content__icon--secondary icon-content__icon--check\"><svg xmlns=\"http:\/\/www.w3.org\/2000\/svg\" viewbox=\"0 0 15.48 13.12\"><path d=\"M5.78 13.12L0 7.34l1.41-1.41 4.22 4.21L13.93 0l1.55 1.27-9.7 11.85z\" class=\"f10d46a1-5df6-40bf-8547-f79466edf340\"><\/path><\/svg><\/span>\n\t\t\t\t\t\t\t\t<p class=\"icon-content__txt\">Vacunaci\u00f3n<\/p>\n\t\t\t\t\t\t\t<\/div>\n\t\t\t\t\t\t\t<div class=\"icon-content\"><span class=\"icon-content__icon icon-content__icon--secondary icon-content__icon--check\"><svg xmlns=\"http:\/\/www.w3.org\/2000\/svg\" viewbox=\"0 0 15.48 13.12\"><path d=\"M5.78 13.12L0 7.34l1.41-1.41 4.22 4.21L13.93 0l1.55 1.27-9.7 11.85z\" class=\"f10d46a1-5df6-40bf-8547-f79466edf340\"><\/path><\/svg><\/span>\n\t\t\t\t\t\t\t\t<p class=\"icon-content__txt\">Inyecci\u00f3n subcut\u00e1nea de implantes<\/p>\n\t\t\t\t\t\t\t<\/div>\n\t\t\t\t\t\t\t<div class=\"icon-content\"><span class=\"icon-content__icon icon-content__icon--secondary icon-content__icon--check\"><svg xmlns=\"http:\/\/www.w3.org\/2000\/svg\" viewbox=\"0 0 15.48 13.12\"><path d=\"M5.78 13.12L0 7.34l1.41-1.41 4.22 4.21L13.93 0l1.55 1.27-9.7 11.85z\" class=\"f10d46a1-5df6-40bf-8547-f79466edf340\"><\/path><\/svg><\/span>\n\t\t\t\t\t\t\t\t<p class=\"icon-content__txt\">Protocolo: MAPA, FIV, estimulaci\u00f3n<\/p>\n\t\t\t\t\t\t\t<\/div>\n\t\t\t\t\t\t<\/div>\n\t\t\t\t\t<\/div>\n\t\t\t\t<\/div>\n\t\t\t<\/div>\n\t\t<\/div>\n\t<\/div>\n\t<div id=\"alt-row-2\" class=\"soins bg-white spacing-huge line-top animate-line\">\n\t\t<div class=\"section section--medium grid grid--spaced grid--tb2-margin-top-large\">\n\t\t\t<h2 class=\"soins-title pansements\">Ap\u00f3sitos<\/h2>\n\t\t\t<div class=\"section section--tiny\">\n\t\t\t\t<div class=\"txt-styles\">\n\t\t\t\t\t<div class=\"grid grid--spaced\">\n\t\t\t\t\t\t<div class=\"grid__col grid__col--6\">\n\t\t\t\t\t\t\t<div class=\"icon-content\"><span class=\"icon-content__icon icon-content__icon--primary icon-content__icon--check\"><svg xmlns=\"http:\/\/www.w3.org\/2000\/svg\" viewbox=\"0 0 15.48 13.12\"><path d=\"M5.78 13.12L0 7.34l1.41-1.41 4.22 4.21L13.93 0l1.55 1.27-9.7 11.85z\" class=\"f10d46a1-5df6-40bf-8547-f79466edf340\"><\/path><\/svg><\/span>\n\t\t\t\t\t\t\t\t<p class=\"icon-content__txt\">Ap\u00f3sito simple<\/p>\n\t\t\t\t\t\t\t<\/div>\n\t\t\t\t\t\t\t<div class=\"icon-content\"><span class=\"icon-content__icon icon-content__icon--primary icon-content__icon--check\"><svg xmlns=\"http:\/\/www.w3.org\/2000\/svg\" viewbox=\"0 0 15.48 13.12\"><path d=\"M5.78 13.12L0 7.34l1.41-1.41 4.22 4.21L13.93 0l1.55 1.27-9.7 11.85z\" class=\"f10d46a1-5df6-40bf-8547-f79466edf340\"><\/path><\/svg><\/span>\n\t\t\t\t\t\t\t\t<p class=\"icon-content__txt\">Vendaje postoperatorio<\/p>\n\t\t\t\t\t\t\t<\/div>\n\t\t\t\t\t\t\t<div class=\"icon-content\"><span class=\"icon-content__icon icon-content__icon--primary icon-content__icon--check\"><svg xmlns=\"http:\/\/www.w3.org\/2000\/svg\" viewbox=\"0 0 15.48 13.12\"><path d=\"M5.78 13.12L0 7.34l1.41-1.41 4.22 4.21L13.93 0l1.55 1.27-9.7 11.85z\" class=\"f10d46a1-5df6-40bf-8547-f79466edf340\"><\/path><\/svg><\/span>\n\t\t\t\t\t\t\t<p class=\"icon-content__txt\">Ap\u00f3sitos complicados y complejos (\u00falceras por presi\u00f3n, \u00falceras, mechas, detersi\u00f3n e irrigaci\u00f3n)<\/p>\n\t\t\t\t\t\t<\/div>\n\t\t\t\t\t\t<\/div>\n\t\t\t\t\t\t<div class=\"grid__col grid__col--6\">\n\n\n\t\t\t\t\t\t\t<div class=\"icon-content\"><span class=\"icon-content__icon icon-content__icon--primary icon-content__icon--check\"><svg xmlns=\"http:\/\/www.w3.org\/2000\/svg\" viewbox=\"0 0 15.48 13.12\"><path d=\"M5.78 13.12L0 7.34l1.41-1.41 4.22 4.21L13.93 0l1.55 1.27-9.7 11.85z\" class=\"f10d46a1-5df6-40bf-8547-f79466edf340\"><\/path><\/svg><\/span>\n\t\t\t\t\t\t\t\t<p class=\"icon-content__txt\">Ap\u00f3sito para quemaduras<\/p>\n\t\t\t\t\t\t\t<\/div>\n\t\t\t\t\t\t\t<div class=\"icon-content\"><span class=\"icon-content__icon icon-content__icon--primary icon-content__icon--check\"><svg xmlns=\"http:\/\/www.w3.org\/2000\/svg\" viewbox=\"0 0 15.48 13.12\"><path d=\"M5.78 13.12L0 7.34l1.41-1.41 4.22 4.21L13.93 0l1.55 1.27-9.7 11.85z\" class=\"f10d46a1-5df6-40bf-8547-f79466edf340\"><\/path><\/svg><\/span>\n\t\t\t\t\t\t\t\t<p class=\"icon-content__txt\">Ap\u00f3sitos para ostom\u00edas (digestivas, urinarias)<\/p>\n\t\t\t\t\t\t\t<\/div>\n\t\t\t\t\t\t\t<div class=\"icon-content\"><span class=\"icon-content__icon icon-content__icon--primary icon-content__icon--check\"><svg xmlns=\"http:\/\/www.w3.org\/2000\/svg\" viewbox=\"0 0 15.48 13.12\"><path d=\"M5.78 13.12L0 7.34l1.41-1.41 4.22 4.21L13.93 0l1.55 1.27-9.7 11.85z\" class=\"f10d46a1-5df6-40bf-8547-f79466edf340\"><\/path><\/svg><\/span>\n\t\t\t\t\t\t\t\t<p class=\"icon-content__txt\">Vendaje para cirug\u00eda pl\u00e1stica<\/p>\n\t\t\t\t\t\t\t<\/div>\n\t\t\t\t\t\t<\/div>\n\t\t\t\t\t<\/div>\n\t\t\t\t<\/div>\n\t\t\t<\/div>\n\t\t<\/div>\n\t<\/div>\n\t<div id=\"alt-row-3\" class=\"soins bg-grey spacing-huge line-top animate-line\">\n\t\t<div class=\"section section--medium grid grid--spaced grid--tb2-margin-top-large\">\n\t\t\t<h2 class=\"soins-title perfusion\">Perfusiones<\/h2>\n\t\t\t<div class=\"section section--tiny\">\n\t\t\t\t<div class=\"txt-styles\">\n\t\t\t\t\t<div class=\"grid grid--spaced\">\n\t\t\t\t\t\t<div class=\"grid__col grid__col--6\">\n\t\t\t\t\t\t\t<div class=\"icon-content\"><span class=\"icon-content__icon icon-content__icon--secondary icon-content__icon--check\"><svg xmlns=\"http:\/\/www.w3.org\/2000\/svg\" viewbox=\"0 0 15.48 13.12\"><path d=\"M5.78 13.12L0 7.34l1.41-1.41 4.22 4.21L13.93 0l1.55 1.27-9.7 11.85z\" class=\"f10d46a1-5df6-40bf-8547-f79466edf340\"><\/path><\/svg><\/span>\n\t\t\t\t\t\t\t\t<p class=\"icon-content__txt\">Inserci\u00f3n y monitorizaci\u00f3n de perfusi\u00f3n venosa subcut\u00e1nea, perif\u00e9rica o central (c\u00e1mara implantable\/picclina\/l\u00ednea media)<\/p>\n\t\t\t\t\t\t\t<\/div>\n\t\t\t\t\t\t\t<div class=\"icon-content\"><span class=\"icon-content__icon icon-content__icon--secondary icon-content__icon--check\"><svg xmlns=\"http:\/\/www.w3.org\/2000\/svg\" viewbox=\"0 0 15.48 13.12\"><path d=\"M5.78 13.12L0 7.34l1.41-1.41 4.22 4.21L13.93 0l1.55 1.27-9.7 11.85z\" class=\"f10d46a1-5df6-40bf-8547-f79466edf340\"><\/path><\/svg><\/span>\n\t\t\t\t\t\t\t\t<p class=\"icon-content__txt\">Tratamiento de perfusi\u00f3n basado en el protocolo del hospital<\/p>\n\t\t\t\t\t\t\t<\/div>\n\t\t\t\t\t\t<\/div>\n\t\t\t\t\t\t<div class=\"grid__col grid__col--6\">\n\n\t\t\t\t\t\t\t\n\t\t\t\t\t\t\t<div class=\"icon-content\"><span class=\"icon-content__icon icon-content__icon--secondary icon-content__icon--check\"><svg xmlns=\"http:\/\/www.w3.org\/2000\/svg\" viewbox=\"0 0 15.48 13.12\"><path d=\"M5.78 13.12L0 7.34l1.41-1.41 4.22 4.21L13.93 0l1.55 1.27-9.7 11.85z\" class=\"f10d46a1-5df6-40bf-8547-f79466edf340\"><\/path><\/svg><\/span>\n\t\t\t\t\t\t\t<p class=\"icon-content__txt\">Gesti\u00f3n de pacientes diab\u00e9ticos tratados con bombas de insulina<\/p>\n\t\t\t\t\t\t\t<\/div>\n<div class=\"icon-content\"><span class=\"icon-content__icon icon-content__icon--secondary icon-content__icon--check\"><svg xmlns=\"http:\/\/www.w3.org\/2000\/svg\" viewbox=\"0 0 15.48 13.12\"><path d=\"M5.78 13.12L0 7.34l1.41-1.41 4.22 4.21L13.93 0l1.55 1.27-9.7 11.85z\" class=\"f10d46a1-5df6-40bf-8547-f79466edf340\"><\/path><\/svg><\/span>\n\t\t\t\t\t\t\t\t<p class=\"icon-content__txt\">Nutrici\u00f3n enteral y parenteral<\/p>\n\t\t\t\t\t\t\t<\/div>\n\t\t\t\t\t\t\t<div class=\"icon-content\"><span class=\"icon-content__icon icon-content__icon--secondary icon-content__icon--check\"><svg xmlns=\"http:\/\/www.w3.org\/2000\/svg\" viewbox=\"0 0 15.48 13.12\"><path d=\"M5.78 13.12L0 7.34l1.41-1.41 4.22 4.21L13.93 0l1.55 1.27-9.7 11.85z\" class=\"f10d46a1-5df6-40bf-8547-f79466edf340\"><\/path><\/svg><\/span>\n\t\t\t\t\t\t\t\t<p class=\"icon-content__txt\">Di\u00e1lisis peritoneal<\/p>\n\t\t\t\t\t\t\t<\/div>\n\t\t\t\t\t\t<\/div>\n\t\t\t\t\t<\/div>\n\t\t\t\t<\/div>\n\t\t\t<\/div>\n\t\t<\/div>\n\t<\/div>\n\t<div id=\"alt-row-4\" class=\"soins bg-white spacing-huge line-top animate-line\">\n\t\t<div class=\"section section--medium grid grid--spaced grid--tb2-margin-top-large\">\n\t\t\t<h2 class=\"soins-title chimio\">Quimioterapia<\/h2>\n\t\t\t<div class=\"section section--tiny\">\n\t\t\t\t<div class=\"txt-styles\">\n\t\t\t\t\t<div class=\"grid grid--spaced\">\n\t\t\t\t\t\t<div class=\"grid__col grid__col--6\">\n\t\t\t\t\t\t\t<div class=\"icon-content\"><span class=\"icon-content__icon icon-content__icon--primary icon-content__icon--check\"><svg xmlns=\"http:\/\/www.w3.org\/2000\/svg\" viewbox=\"0 0 15.48 13.12\"><path d=\"M5.78 13.12L0 7.34l1.41-1.41 4.22 4.21L13.93 0l1.55 1.27-9.7 11.85z\" class=\"f10d46a1-5df6-40bf-8547-f79466edf340\"><\/path><\/svg><\/span>\n\t\t\t\t\t\t\t\t<p class=\"icon-content__txt\">Vendaje e perfusi\u00f3n de cat\u00e9ter implantable (PAC)<\/p>\n\t\t\t\t\t\t\t<\/div>\n\t\t\t\t\t\t\t<div class=\"icon-content\"><span class=\"icon-content__icon icon-content__icon--primary icon-content__icon--check\"><svg xmlns=\"http:\/\/www.w3.org\/2000\/svg\" viewbox=\"0 0 15.48 13.12\"><path d=\"M5.78 13.12L0 7.34l1.41-1.41 4.22 4.21L13.93 0l1.55 1.27-9.7 11.85z\" class=\"f10d46a1-5df6-40bf-8547-f79466edf340\"><\/path><\/svg><\/span>\n\t\t\t\t\t\t\t\t<p class=\"icon-content__txt\">Retirada y enjuague de la quimioterapia en un cat\u00e9ter central (BAXTER)<\/p>\n\t\t\t\t\t\t\t<\/div>\n\t\t\t\t\t\t<\/div>\n\t\t\t\t\t\t<div class=\"grid__col grid__col--6\">\n\t\n\t\t\t\t\t\t\t<div class=\"icon-content\"><span class=\"icon-content__icon icon-content__icon--primary icon-content__icon--check\"><svg xmlns=\"http:\/\/www.w3.org\/2000\/svg\" viewbox=\"0 0 15.48 13.12\"><path d=\"M5.78 13.12L0 7.34l1.41-1.41 4.22 4.21L13.93 0l1.55 1.27-9.7 11.85z\" class=\"f10d46a1-5df6-40bf-8547-f79466edf340\"><\/path><\/svg><\/span>\n\t\t\t\t\t\t\t\t<p class=\"icon-content__txt\">Tratamiento domiciliario de un paciente inmunodeprimido o con c\u00e1ncer<\/p>\n\t\t\t\t\t\t\t<\/div>\n\t\t\t\t\t\t<\/div>\n\t\t\t\t\t<\/div>\n\t\t\t\t<\/div>\n\t\t\t<\/div>\n\t\t<\/div>\n\t<\/div>\n\t<div id=\"alt-row-5\" class=\"soins bg-grey spacing-huge line-top animate-line\">\n\t\t<div class=\"section section--medium grid grid--spaced grid--tb2-margin-top-large\">\n\t\t\t<h2 class=\"soins-title covid\">COVID-19<\/h2>\n\t\t\t<div class=\"section section--tiny\">\n\t\t\t\t<div class=\"txt-styles\">\n\t\t\t\t\t<div class=\"grid grid--spaced\">\n\t\t\t\t\t\t<div class=\"grid__col grid__col--6\">\n\t\t\t\t\t\t\t<div class=\"icon-content\"><span class=\"icon-content__icon icon-content__icon--secondary icon-content__icon--check\"><svg xmlns=\"http:\/\/www.w3.org\/2000\/svg\" viewbox=\"0 0 15.48 13.12\"><path d=\"M5.78 13.12L0 7.34l1.41-1.41 4.22 4.21L13.93 0l1.55 1.27-9.7 11.85z\" class=\"f10d46a1-5df6-40bf-8547-f79466edf340\"><\/path><\/svg><\/span>\n\t\t\t\t\t\t\t\t<p class=\"icon-content__txt\">Prueba antig\u00e9nica<\/p>\n\t\t\t\t\t\t\t<\/div>\n\t\t\t\t\t\t\t<div class=\"icon-content\"><span class=\"icon-content__icon icon-content__icon--secondary icon-content__icon--check\"><svg xmlns=\"http:\/\/www.w3.org\/2000\/svg\" viewbox=\"0 0 15.48 13.12\"><path d=\"M5.78 13.12L0 7.34l1.41-1.41 4.22 4.21L13.93 0l1.55 1.27-9.7 11.85z\" class=\"f10d46a1-5df6-40bf-8547-f79466edf340\"><\/path><\/svg><\/span>\n\t\t\t\t\t\t\t\t<p class=\"icon-content__txt\">RT-PCR<\/p>\n\t\t\t\t\t\t\t<\/div>\n\t\t\t\t\t\t\t<div class=\"icon-content\"><span class=\"icon-content__icon icon-content__icon--secondary icon-content__icon--check\"><svg xmlns=\"http:\/\/www.w3.org\/2000\/svg\" viewbox=\"0 0 15.48 13.12\"><path d=\"M5.78 13.12L0 7.34l1.41-1.41 4.22 4.21L13.93 0l1.55 1.27-9.7 11.85z\" class=\"f10d46a1-5df6-40bf-8547-f79466edf340\"><\/path><\/svg><\/span>\n\t\t\t\t\t\t\t<p class=\"icon-content__txt\">Serolog\u00eda COVID-19<\/p>\n\t\t\t\t\t\t<\/div>\n\t\t\t\t\t\t<\/div>\n\t\t\t\t\t\t<div class=\"grid__col grid__col--6\">\n\n\n\t\t\t\t\t\t\t<div class=\"icon-content\"><span class=\"icon-content__icon icon-content__icon--secondary icon-content__icon--check\"><svg xmlns=\"http:\/\/www.w3.org\/2000\/svg\" viewbox=\"0 0 15.48 13.12\"><path d=\"M5.78 13.12L0 7.34l1.41-1.41 4.22 4.21L13.93 0l1.55 1.27-9.7 11.85z\" class=\"f10d46a1-5df6-40bf-8547-f79466edf340\"><\/path><\/svg><\/span>\n\t\t\t\t\t\t\t\t<p class=\"icon-content__txt\">Vacunaci\u00f3n<\/p>\n\t\t\t\t\t\t\t<\/div>\n\t\t\t\t\t\t\t<div class=\"icon-content\"><span class=\"icon-content__icon icon-content__icon--secondary icon-content__icon--check\"><svg xmlns=\"http:\/\/www.w3.org\/2000\/svg\" viewbox=\"0 0 15.48 13.12\"><path d=\"M5.78 13.12L0 7.34l1.41-1.41 4.22 4.21L13.93 0l1.55 1.27-9.7 11.85z\" class=\"f10d46a1-5df6-40bf-8547-f79466edf340\"><\/path><\/svg><\/span>\n\t\t\t\t\t\t\t\t<p class=\"icon-content__txt\">VDSI COVID-19 (Visitas de enfermeras a domicilio)<\/p>\n\t\t\t\t\t\t\t<\/div>\n\t\t\t\t\t\t<\/div>\n\t\t\t\t\t<\/div>\n\t\t\t\t<\/div>\n\t\t\t<\/div>\n\t\t<\/div>\n\t<\/div>\n\t<div id=\"alt-row-6\" class=\"soins bg-white spacing-huge line-top animate-line\">\n\t\t<div class=\"section section--medium grid grid--spaced grid--tb2-margin-top-large\">\n\t\t\t<h2 class=\"soins-title autres\">Otros tratamientos<\/h2>\n\t\t\t<div class=\"section section--tiny\">\n\t\t\t\t<div class=\"txt-styles\">\n\t\t\t\t\t<div class=\"grid grid--spaced\">\n\t\t\t\t\t\t<div class=\"grid__col grid__col--6\">\n\t\t\t\t\t\t\t<div class=\"icon-content\"><span class=\"icon-content__icon icon-content__icon--primary icon-content__icon--check\"><svg xmlns=\"http:\/\/www.w3.org\/2000\/svg\" viewbox=\"0 0 15.48 13.12\"><path d=\"M5.78 13.12L0 7.34l1.41-1.41 4.22 4.21L13.93 0l1.55 1.27-9.7 11.85z\" class=\"f10d46a1-5df6-40bf-8547-f79466edf340\"><\/path><\/svg><\/span>\n\t\t\t\t\t\t\t\t<p class=\"icon-content__txt\">Control de la tensi\u00f3n arterial<\/p>\n\t\t\t\t\t\t\t<\/div>\n\t\t\t\t\t\t\t<div class=\"icon-content\"><span class=\"icon-content__icon icon-content__icon--primary icon-content__icon--check\"><svg xmlns=\"http:\/\/www.w3.org\/2000\/svg\" viewbox=\"0 0 15.48 13.12\"><path d=\"M5.78 13.12L0 7.34l1.41-1.41 4.22 4.21L13.93 0l1.55 1.27-9.7 11.85z\" class=\"f10d46a1-5df6-40bf-8547-f79466edf340\"><\/path><\/svg><\/span>\n\t\t\t\t\t\t\t\t<p class=\"icon-content__txt\">Administraci\u00f3n del tratamiento<\/p>\n\t\t\t\t\t\t\t<\/div>\n\t\t\t\t\t\t\t<div class=\"icon-content\"><span class=\"icon-content__icon icon-content__icon--primary icon-content__icon--check\"><svg xmlns=\"http:\/\/www.w3.org\/2000\/svg\" viewbox=\"0 0 15.48 13.12\"><path d=\"M5.78 13.12L0 7.34l1.41-1.41 4.22 4.21L13.93 0l1.55 1.27-9.7 11.85z\" class=\"f10d46a1-5df6-40bf-8547-f79466edf340\"><\/path><\/svg><\/span>\n\t\t\t\t\t\t\t<p class=\"icon-content__txt\">Instilaci\u00f3n de colirios<\/p>\n\t\t\t\t\t\t\t<\/div>\n\t\t\t\t\t\t<\/div>\n\t\t\t\t\t\t<div class=\"grid__col grid__col--6\">\n\t\t\t\t\t\t\t<div class=\"icon-content\"><span class=\"icon-content__icon icon-content__icon--primary icon-content__icon--check\"><svg xmlns=\"http:\/\/www.w3.org\/2000\/svg\" viewbox=\"0 0 15.48 13.12\"><path d=\"M5.78 13.12L0 7.34l1.41-1.41 4.22 4.21L13.93 0l1.55 1.27-9.7 11.85z\" class=\"f10d46a1-5df6-40bf-8547-f79466edf340\"><\/path><\/svg><\/span>\n\t\t\t\t\t\t\t\t<p class=\"icon-content__txt\">Enema<\/p>\n\t\t\t\t\t\t\t<\/div>\n\t\t\t\t\t\t\t<div class=\"icon-content\"><span class=\"icon-content__icon icon-content__icon--primary icon-content__icon--check\"><svg xmlns=\"http:\/\/www.w3.org\/2000\/svg\" viewbox=\"0 0 15.48 13.12\"><path d=\"M5.78 13.12L0 7.34l1.41-1.41 4.22 4.21L13.93 0l1.55 1.27-9.7 11.85z\" class=\"f10d46a1-5df6-40bf-8547-f79466edf340\"><\/path><\/svg><\/span>\n\t\t\t\t\t\t\t\t<p class=\"icon-content__txt\">Aerosolterapia<\/p>\n\t\t\t\t\t\t\t<\/div>\n\t\t\t\t\t\t\t<div class=\"icon-content\"><span class=\"icon-content__icon icon-content__icon--primary icon-content__icon--check\"><svg xmlns=\"http:\/\/www.w3.org\/2000\/svg\" viewbox=\"0 0 15.48 13.12\"><path d=\"M5.78 13.12L0 7.34l1.41-1.41 4.22 4.21L13.93 0l1.55 1.27-9.7 11.85z\" class=\"f10d46a1-5df6-40bf-8547-f79466edf340\"><\/path><\/svg><\/span>\n\t\t\t\t\t\t\t\t<p class=\"icon-content__txt\">Colocaci\u00f3n de vendas y medias de compresi\u00f3n<\/p>\n\t\t\t\t\t\t\t<\/div>\n\t\t\t\t\t\t<\/div>\n\t\t\t\t\t<\/div>\n\t\t\t\t<\/div>\n\t\t\t<\/div>\n\t\t<\/div>\n\t<\/div>\n\t<div id=\"alt-row-7\" class=\"alt-rows__item bg-grey spacing-huge line-top animate-line\">\n\t\t<div class=\"section section--medium grid grid--spaced grid--tb2-margin-top-large\">\n\t\t\t<div class=\"alt-rows__section alt-rows__section--left grid__col grid__col--6 grid__col--tb2-12\">\n\t\t\t\t<div class=\"alt-rows__img-wrapper\">\n\t\t\t\t\t<div class=\"alt-rows__img alt-rows__img--large\">\n\t\t\t\t\t\t<img decoding=\"async\" class=\"img-full\" src=\"https:\/\/www.agilinfirmiers.com\/wp-content\/uploads\/2022\/06\/dsc04548.jpg\" alt=\"\"\/>\n\n\n\t\t\t\t\t<\/div>\n\t\t\t\t<\/div>\n\t\t\t<\/div>\n\t\t\t<div class=\"alt-rows__section alt-rows__section--right grid__col grid__col--6 grid__col--tb2-12 txt-styles spacing-small-left spacing-small-right\">\n\t\t\t\t<div class=\"alt-rows__content shadow-box\">\n\t\t\t\t\t<p><strong>Realizamos todos los tratamientos enumerados, as\u00ed como todos los dem\u00e1s relacionados con el ejercicio de nuestra profesi\u00f3n, seg\u00fan prescripci\u00f3n m\u00e9dica.<\/strong><\/p><br\/><br\/>\n\t\t\t\t\t<p><strong>No olvide llevar a la cita la tarjeta del seguro m\u00e9dico y la receta, as\u00ed como el equipo m\u00e9dico prescrito.<\/strong><\/p>\n\t\t\t\t<\/div>\n\t\t\t<\/div>\n\t\t<\/div>\n\t<\/div>\n\t<div id=\"alt-row-8\" class=\"alt-rows__item bg-white spacing-huge line-top animate-line\">\n\t\t<div class=\"section section--medium grid grid--spaced grid--tb2-margin-top-large\">\n\t\t\t<div class=\"section section--medium grid grid--spaced grid--tb2-margin-top-large\">\n\t\t\t\t<div class=\"alt-rows__section alt-rows__section--left txt-styles grid__col grid__col--12 grid__col--tb2-12\">\n\t\t\t\t\t<div class=\"alt-rows__content small-text\">\n\t\t\t\t\t\t<p>Nuestras enfermeras est\u00e1n <strong>homologadas<\/strong> por el seguro de enfermedad y equipadas con un lector port\u00e1til de carte vitale.<\/p>\n\t\t\t\t\t\t<p>Ofrecemos <strong>pagos de terceros por cuenta<\/strong> ajena de los tratamientos no cubiertos al <strong>100 % por los reg\u00edmenes ALD<\/strong> (enfermedad de larga duraci\u00f3n), <strong>CMU<\/strong> (cobertura sanitaria universal francesa), <strong>AME<\/strong> (ayuda m\u00e9dica del Estado franc\u00e9s), <strong>AT<\/strong> (accidente de trabajo), <strong>enfermedad profesional<\/strong> y <strong>maternidad<\/strong>.<\/p>\n\t\t\t\t\t\t<p>Nuestras enfermeras pueden pedirle que abone el importe correspondiente a la <strong>parte complementaria<\/strong> una vez cada 15 d\u00edas, a final de mes o al final de su tratamiento.<\/p>\n\t\t\t\t\t\t<p>Facilit\u00e1ndole el justificante de pago, su <strong>mutua<\/strong> le reembolsar\u00e1 el pago directo en unos d\u00edas.<\/p>\n\t\t\t\t\t\t<p>Si no tiene una \u00abCarte vitale\u00bb, tendr\u00e1 que mostrar a la enfermera un certificado de derecho de su seguridad social.<\/p>\n\t\t\t\t\t\t<p>En algunos casos, el facultativo elaborar\u00e1 una <strong>ficha de tratamiento<\/strong> para usted, que podr\u00e1 enviar a su <strong>caja de enfermedad<\/strong> junto con la receta para que se la reembolsen.<\/p>\n\t\t\t\t\t\t<p>Dependiendo de las circunstancias, pueden cobrarse tasas adicionales. Su enfermera le informar\u00e1 de ello de antemano.<\/p>\n\t\t\t\t\t\t<p>Si es necesario, su enfermera puede prescribirle cualquier dispositivo m\u00e9dico adicional que pueda necesitar (ap\u00f3sitos especiales, compresas, etc.).<\/p>\n\t\t\t\t\t\t<p> <\/p>\n\t\t\t\t\t<\/div>\n\t\t\t\t<\/div>\n\t\t\t<\/div>\n\t\t<\/div>\n\t<\/div>\n<\/section>\n\n<style type=\"text\/css\">\n\t#section-2 #alt-row-8 .alt-rows__content.small-text{\n\t\tcolumns: 2;\n\t\tcolumn-gap: 100px;\n\t\ttext-align: justify;\n\t}\n\t@media screen and (max-width: 670px) {\n\t\t#section-2 #alt-row-8 .alt-rows__content.small-text{\n\t\t\tcolumns: 1;\n\t\t}\n\t}\n<\/style>\n","protected":false},"excerpt":{"rendered":"<p>A.G.I.L Infirmiers proporciona todo tipo de cuidados de enfermer\u00eda en su domicilio o en el consultorio, de lunes a domingo, a cualquier hora del d\u00eda con cita previa. Cuidados de enfermer\u00eda Ayuda para el aseo Ducha Higiene en la cama Inyecciones y extracciones An\u00e1lisis de sangre Sangrado Inyecci\u00f3n subcut\u00e1nea, intramuscular, intravenosa Vacunaci\u00f3n Inyecci\u00f3n subcut\u00e1nea de [&hellip;]<\/p>\n","protected":false},"author":1,"featured_media":1346,"parent":0,"menu_order":0,"comment_status":"closed","ping_status":"closed","template":"","meta":{"_acf_changed":false,"footnotes":""},"class_list":["post-1527","page","type-page","status-publish","has-post-thumbnail","hentry"],"acf":[],"_links":{"self":[{"href":"https:\/\/www.agilinfirmiers.com\/es\/wp-json\/wp\/v2\/pages\/1527","targetHints":{"allow":["GET"]}}],"collection":[{"href":"https:\/\/www.agilinfirmiers.com\/es\/wp-json\/wp\/v2\/pages"}],"about":[{"href":"https:\/\/www.agilinfirmiers.com\/es\/wp-json\/wp\/v2\/types\/page"}],"author":[{"embeddable":true,"href":"https:\/\/www.agilinfirmiers.com\/es\/wp-json\/wp\/v2\/users\/1"}],"replies":[{"embeddable":true,"href":"https:\/\/www.agilinfirmiers.com\/es\/wp-json\/wp\/v2\/comments?post=1527"}],"version-history":[{"count":7,"href":"https:\/\/www.agilinfirmiers.com\/es\/wp-json\/wp\/v2\/pages\/1527\/revisions"}],"predecessor-version":[{"id":1692,"href":"https:\/\/www.agilinfirmiers.com\/es\/wp-json\/wp\/v2\/pages\/1527\/revisions\/1692"}],"wp:featuredmedia":[{"embeddable":true,"href":"https:\/\/www.agilinfirmiers.com\/es\/wp-json\/wp\/v2\/media\/1346"}],"wp:attachment":[{"href":"https:\/\/www.agilinfirmiers.com\/es\/wp-json\/wp\/v2\/media?parent=1527"}],"curies":[{"name":"wp","href":"https:\/\/api.w.org\/{rel}","templated":true}]}}