{"id":1529,"date":"2021-05-05T21:17:27","date_gmt":"2021-05-05T19:17:27","guid":{"rendered":"https:\/\/www.agilinfirmiers.com\/nuestro-equipo\/"},"modified":"2024-04-25T23:28:01","modified_gmt":"2024-04-25T21:28:01","slug":"nuestro-equipo","status":"publish","type":"page","link":"https:\/\/www.agilinfirmiers.com\/es\/nuestro-equipo\/","title":{"rendered":"Nuestro equipo"},"content":{"rendered":"\n<section id=\"section-1\" class=\"alt-rows alt-rows--grey-first\">\n\t<div id=\"alt-row-0\" class=\"alt-rows__item bg-white spacing-huge line-top animate-line animated\">\n\t\t<div class=\"section section--medium grid grid--spaced grid--tb2-margin-top-large\">\n\t\t\t<div class=\"section section--medium grid grid--spaced grid--tb2-margin-top-large\">\n\t\t\t\t<div class=\"alt-rows__section alt-rows__section--left txt-styles grid__col grid__col--12 grid__col--tb2-12\">\n\t\t\t\t\t<div class=\"alt-rows__content small-text\">\n\t\t\t\t\t\t<p>Todas somos enfermeras tituladas por el Estado, inscritas en el r\u00e9gimen franc\u00e9s de seguro de enfermedad y en la orden nacional de enfermeras.<\/p>\n\t\t\t\t\t\t<p>Todas las enfermeras cualificadas de nuestra consulta han adquirido la experiencia necesaria, lo que nos permite ofrecerle una amplia gama de cuidados, sea cual sea su patolog\u00eda.<\/p>\n\t\t\t\t\t<\/div>\n\t\t\t\t<\/div>\n\t\t\t<\/div>\n\t\t<\/div>\n\t<\/div>\n\t<!-- div id=\"alt-row-1\" class=\"bg-white spacing-huge line-top animate-line\">\n\t\t<div class=\"section equipe section--medium grid grid--spaced grid--tb2-margin-top-large txt-styles spacing-small-left spacing-small-right\">\n\t\t\t<h2 class=\"has-text-align-center\">Nos infirmiers<\/h2>\n\t\t<\/div>\n\t\t<div class=\"section equipe section--medium grid grid--spaced grid--tb2-margin-top-large\">\n\t\t\t<div class=\"alt-rows__section alt-rows__section--left grid__col grid__col--6 grid__col--tb2-12\">\n\t\t\t\t<div class=\"alt-rows__img-wrapper\">\n\t\t\t\t\t<div class=\"alt-rows__img alt-rows__img--large\">\n\t\t\t\t\t\t<img decoding=\"async\" class=\"img-full\" src=\"https:\/\/www.agilinfirmiers.com\/wp-content\/uploads\/2022\/06\/man-profil.jpg\" alt=\"\">\n\t\t\t\t\t<\/div>\n\t\t\t\t<\/div>\n\t\t\t\t<div class=\"alt-rows__content\">\n\t\t\t\t\t<div class=\"name\">\n\t\t\t\t\t\t<h2 class=\"h4\">Pierre-Edouard Sergent<\/h2>\n\t\t\t\t\t\t<div class=\"cofounder\">Co-g\u00e9rant<\/div>\n\t\t\t\t\t<\/div>\n\t\t\t\t\t<div class=\"parcours\">\n\t\t\t\t\t\t<ul>\n\t\t\t\t\t\t\t<li>Dipl\u00f4m\u00e9 en 2008 IFSI Th\u00e9odore Simon<\/li>\n\t\t\t\t\t\t\t<li>Sujet de m\u00e9moire : \u00ab AES accident d\u2019exposition au sang \u00bb mention TB<\/li>\n\t\t\t\t\t\t\t<li>DU sciences humaines - 2008<\/li>\n\t\t\t\t\t\t\t<li>ETP - 2015<\/li>\n\t\t\t\t\t\t\t<li>DU plaies et cicatrisations - 2016<\/li>\n\t\t\t\t\t\t<\/ul>\n\t\t\t\t\t<\/div>\n\t\t\t\t<\/div>\n\t\t\t<\/div>\n\t\t\t<div class=\"alt-rows__section alt-rows__section--right grid__col grid__col--6 grid__col--tb2-12\">\n\t\t\t\t<div class=\"alt-rows__img-wrapper\">\n\t\t\t\t\t<div class=\"alt-rows__img alt-rows__img--large\">\n\t\t\t\t\t\t<img decoding=\"async\" class=\"img-full\" src=\"https:\/\/www.agilinfirmiers.com\/wp-content\/uploads\/2022\/06\/man-profil.jpg\" alt=\"\">\n\t\t\t\t\t<\/div>\n\t\t\t\t<\/div>\n\t\t\t\t<div class=\"alt-rows__content\">\n\t\t\t\t\t<div class=\"name\">\n\t\t\t\t\t\t<h2 class=\"h4\">Jonathan Ben Zakin<\/h2>\n\t\t\t\t\t\t<div class=\"cofounder\">Co-g\u00e9rant<\/div>\n\t\t\t\t\t<\/div>\n\t\t\t\t\t<div class=\"parcours\">\n\t\t\t\t\t\t<ul>\n\t\t\t\t\t\t\t<li>Dipl\u00f4m\u00e9 en 2010 IFSI Sainte Th\u00e9r\u00e8se (Belgique)<\/li>\n\t\t\t\t\t\t\t<li>Sujet de m\u00e9moire : <br>\u00ab Hirudoth\u00e9rapie : prise en charge d\u2019un patient trait\u00e9 par sangsues en chirurgie r\u00e9paratrice \u00bb mention TB<\/li>\n\t\t\t\t\t\t\t<br> \t\t\t\t\t\t\t\t\t\t\t\t\t\t\n\t\t\t\t\t\t<\/ul>\n\t\t\t\t\t<\/div>\n\t\t\t\t<\/div>\n\t\t\t<\/div>\n\t\t<\/div>\n\t<\/div>\n\t\n\t<div id=\"alt-row-2\" class=\"bg-grey spacing-huge line-top animate-line\">\n\t\t<div class=\"section equipe section--medium grid grid--spaced grid--tb2-margin-top-large\">\n\t\t\t<div class=\"alt-rows__section alt-rows__section--left grid__col grid__col--6 grid__col--tb2-12\">\n\t\t\t\t<div class=\"alt-rows__img-wrapper\">\n\t\t\t\t\t<div class=\"alt-rows__img alt-rows__img--large\">\n\t\t\t\t\t\t<img decoding=\"async\" class=\"img-full\" src=\"https:\/\/www.agilinfirmiers.com\/wp-content\/uploads\/2022\/06\/man-profil.jpg\" alt=\"\">\n\t\t\t\t\t<\/div>\n\t\t\t\t<\/div>\n\t\t\t\t<div class=\"alt-rows__content\">\n\t\t\t\t\t<div class=\"name\">\n\t\t\t\t\t\t<h2 class=\"h4\">Baptiste Jean<\/h2>\n\t\t\t\t\t\t<div class=\"cofounder\">Collaborateur<\/div>\n\t\t\t\t\t<\/div>\n\t\t\t\t<\/div>\n\t\t\t<\/div>\n\t\t\t<div class=\"alt-rows__section alt-rows__section--right grid__col grid__col--6 grid__col--tb2-12\">\n\t\t\t\t<div class=\"alt-rows__img-wrapper\">\n\t\t\t\t\t<div class=\"alt-rows__img alt-rows__img--large\">\n\t\t\t\t\t\t<img decoding=\"async\" class=\"img-full\" src=\"https:\/\/www.agilinfirmiers.com\/wp-content\/uploads\/2022\/06\/man-profil.jpg\" alt=\"\">\n\t\t\t\t\t<\/div>\n\t\t\t\t<\/div>\n\t\t\t\t<div class=\"alt-rows__content\">\n\t\t\t\t\t<div class=\"name\">\n\t\t\t\t\t\t<h2 class=\"h4\">Fabien Galot<\/h2>\n\t\t\t\t\t\t<div class=\"cofounder\">Collaborateur<\/div>\n\t\t\t\t\t<\/div>\n\t\t\t\t<\/div>\n\t\t\t<\/div>\n\t\t<\/div>\n\t<\/div>\n\t<div id=\"alt-row-3\" class=\"bg-white spacing-huge line-top animate-line\">\n\t\t<div class=\"section equipe section--medium grid grid--spaced grid--tb2-margin-top-large\">\n\t\t\t<div class=\"alt-rows__section alt-rows__section--left grid__col grid__col--6 grid__col--tb2-12\">\n\t\t\t\t<div class=\"alt-rows__img-wrapper\">\n\t\t\t\t\t<div class=\"alt-rows__img alt-rows__img--large\">\n\t\t\t\t\t\t<img decoding=\"async\" class=\"img-full\" src=\"https:\/\/www.agilinfirmiers.com\/wp-content\/uploads\/2022\/06\/woman-profil.jpg\" alt=\"\">\n\t\t\t\t\t<\/div>\n\t\t\t\t<\/div>\n\t\t\t\t<div class=\"alt-rows__content\">\n\t\t\t\t\t<div class=\"name\">\n\t\t\t\t\t\t<h2 class=\"h4\">Sixtine D\u2019Alverny<\/h2>\n\t\t\t\t\t\t<div class=\"cofounder\">Collaboratrice<\/div>\n\t\t\t\t\t<\/div>\n\t\t\t\t<\/div>\n\t\t\t<\/div>\n\t\t\t<div class=\"alt-rows__section alt-rows__section--right grid__col grid__col--6 grid__col--tb2-12\">\n\t\t\t\t<div class=\"alt-rows__img-wrapper\">\n\t\t\t\t\t<div class=\"alt-rows__img alt-rows__img--large\">\n\t\t\t\t\t\t<img decoding=\"async\" class=\"img-full\" src=\"https:\/\/www.agilinfirmiers.com\/wp-content\/uploads\/2022\/06\/woman-profil.jpg\" alt=\"\">\n\t\t\t\t\t<\/div>\n\t\t\t\t<\/div>\n\t\t\t\t<div class=\"alt-rows__content\">\n\t\t\t\t\t<div class=\"name\">\n\t\t\t\t\t\t<h2 class=\"h4\">Sacha Seytor<\/h2>\n\t\t\t\t\t\t<div class=\"cofounder\">Collaboratrice<\/div>\n\t\t\t\t\t<\/div>\n\t\t\t\t<\/div>\n\t\t\t<\/div>\n\t\t<\/div>\n\t<\/div>\n\t<div id=\"alt-row-4\" class=\"bg-grey spacing-huge line-top animate-line\">\n\t\t<div class=\"section equipe section--medium grid grid--spaced grid--tb2-margin-top-large\">\n\t\t\t<div class=\"alt-rows__section alt-rows__section--left grid__col grid__col--6 grid__col--tb2-12\">\n\t\t\t\t<div class=\"alt-rows__img-wrapper\">\n\t\t\t\t\t<div class=\"alt-rows__img alt-rows__img--large\">\n\t\t\t\t\t\t<img decoding=\"async\" class=\"img-full\" src=\"https:\/\/www.agilinfirmiers.com\/wp-content\/uploads\/2022\/06\/woman-profil.jpg\" alt=\"\">\n\t\t\t\t\t<\/div>\n\t\t\t\t<\/div>\n\t\t\t\t<div class=\"alt-rows__content\">\n\t\t\t\t\t<div class=\"name\">\n\t\t\t\t\t\t<h2 class=\"h4\">Amina Berkiou<\/h2>\n\t\t\t\t\t\t<div class=\"cofounder\">Collaboratrice<\/div>\n\t\t\t\t\t<\/div>\n\t\t\t\t<\/div>\n\t\t\t<\/div>\n\t\t\t<div class=\"alt-rows__section alt-rows__section--right grid__col grid__col--6 grid__col--tb2-12\">\n\t\t\t\t<div class=\"alt-rows__img-wrapper\">\n\t\t\t\t\t<div class=\"alt-rows__img alt-rows__img--large\">\n\t\t\t\t\t\t<img decoding=\"async\" class=\"img-full\" src=\"https:\/\/www.agilinfirmiers.com\/wp-content\/uploads\/2022\/06\/woman-profil.jpg\" alt=\"\">\n\t\t\t\t\t<\/div>\n\t\t\t\t<\/div>\n\t\t\t\t<div class=\"alt-rows__content\">\n\t\t\t\t\t<div class=\"name\">\n\t\t\t\t\t\t<h2 class=\"h4\">Laetitia Houtelette<\/h2>\n\t\t\t\t\t\t<div class=\"cofounder\">Collaboratrice<\/div>\n\t\t\t\t\t<\/div>\n\t\t\t\t<\/div>\n\t\t\t<\/div>\n\t\t<\/div>\n\t<\/div -->\n<\/section>\n\n\n\n<section id=\"section-2\" class=\"alt-rows alt-rows--grey-first join-us\"><div id=\"alt-row-1\" class=\"bg-grey spacing-huge line-top animate-line\"><div class=\"section section--medium grid grid--spaced grid--tb2-margin-top-large txt-styles spacing-small-left spacing-small-right\" style=\"flex-direction:column;\">\n\n\n\n<h2 class=\"wp-block-heading has-text-align-center\">AGIL est\u00e1 contratando<\/h2>\n\n\n\n<p class=\"has-text-align-center\">Es enfermero con al menos dos a\u00f1os de experiencia en un hospital o una residencia de ancianos.<br>Quieres descubrir un aspecto diferente de tu trabajo.<br>Sea independiente, mejore sus ingresos y organice su horario como desee.<br><br>Nuestra empresa est\u00e1 contratando personal, \u00a1contacte con nosotros!<\/p>\n\n\n\n<a class=\"btn btn--light\" href=\"https:\/\/www.agilinfirmiers.com\/es\/unete-a-nosotros\/\">\u00danete a nosotros<\/a>\n\n\n\n<\/div><\/div><\/section>\n","protected":false},"excerpt":{"rendered":"<p>Todas somos enfermeras tituladas por el Estado, inscritas en el r\u00e9gimen franc\u00e9s de seguro de enfermedad y en la orden nacional de enfermeras. Todas las enfermeras cualificadas de nuestra consulta han adquirido la experiencia necesaria, lo que nos permite ofrecerle una amplia gama de cuidados, sea cual sea su patolog\u00eda. AGIL est\u00e1 contratando Es enfermero [&hellip;]<\/p>\n","protected":false},"author":1,"featured_media":1428,"parent":0,"menu_order":0,"comment_status":"closed","ping_status":"closed","template":"","meta":{"_acf_changed":false,"footnotes":""},"class_list":["post-1529","page","type-page","status-publish","has-post-thumbnail","hentry"],"acf":[],"_links":{"self":[{"href":"https:\/\/www.agilinfirmiers.com\/es\/wp-json\/wp\/v2\/pages\/1529","targetHints":{"allow":["GET"]}}],"collection":[{"href":"https:\/\/www.agilinfirmiers.com\/es\/wp-json\/wp\/v2\/pages"}],"about":[{"href":"https:\/\/www.agilinfirmiers.com\/es\/wp-json\/wp\/v2\/types\/page"}],"author":[{"embeddable":true,"href":"https:\/\/www.agilinfirmiers.com\/es\/wp-json\/wp\/v2\/users\/1"}],"replies":[{"embeddable":true,"href":"https:\/\/www.agilinfirmiers.com\/es\/wp-json\/wp\/v2\/comments?post=1529"}],"version-history":[{"count":2,"href":"https:\/\/www.agilinfirmiers.com\/es\/wp-json\/wp\/v2\/pages\/1529\/revisions"}],"predecessor-version":[{"id":1559,"href":"https:\/\/www.agilinfirmiers.com\/es\/wp-json\/wp\/v2\/pages\/1529\/revisions\/1559"}],"wp:featuredmedia":[{"embeddable":true,"href":"https:\/\/www.agilinfirmiers.com\/es\/wp-json\/wp\/v2\/media\/1428"}],"wp:attachment":[{"href":"https:\/\/www.agilinfirmiers.com\/es\/wp-json\/wp\/v2\/media?parent=1529"}],"curies":[{"name":"wp","href":"https:\/\/api.w.org\/{rel}","templated":true}]}}